{"id":3538,"date":"2021-06-11T06:40:33","date_gmt":"2021-06-11T06:40:33","guid":{"rendered":"https:\/\/unseen-report.com\/index.php\/services-2\/"},"modified":"2024-11-06T21:39:41","modified_gmt":"2024-11-06T20:39:41","slug":"mercedes-classe-e-63s-amg","status":"publish","type":"page","link":"https:\/\/unseen-report.com\/index.php\/mercedes-classe-e-63s-amg\/","title":{"rendered":"Mercedes &#8211; Classe E 63S AMG"},"content":{"rendered":"\t\t<div data-elementor-type=\"wp-page\" data-elementor-id=\"3538\" class=\"elementor elementor-3538\">\n\t\t\t\t\t\t<section class=\"elementor-section elementor-top-section elementor-element elementor-element-61664e6 elementor-section-full_width elementor-section-height-default elementor-section-height-default\" data-id=\"61664e6\" data-element_type=\"section\" data-e-type=\"section\">\n\t\t\t\t\t\t<div class=\"elementor-container elementor-column-gap-no\">\n\t\t\t\t\t<div class=\"elementor-column elementor-col-100 elementor-top-column elementor-element elementor-element-0309cf6\" data-id=\"0309cf6\" data-element_type=\"column\" data-e-type=\"column\">\n\t\t\t<div class=\"elementor-widget-wrap elementor-element-populated\">\n\t\t\t\t\t\t<div class=\"elementor-element elementor-element-c5fbd94 elementor-widget elementor-widget-yprm_banner\" data-id=\"c5fbd94\" data-element_type=\"widget\" data-e-type=\"widget\" data-widget_type=\"yprm_banner.default\">\n\t\t\t\t<div class=\"elementor-widget-container\">\n\t\t\t\t\t\t\t\t<div class=\"banner-wrapper banner-area banner-69d5ff35dc89d\" style=\"--transition-speed: 2300ms;\" data-settings=\"{&quot;loop&quot;:true,&quot;speed&quot;:300,&quot;autoplay&quot;:{&quot;delay&quot;:5000,&quot;disableOnInteraction&quot;:false,&quot;pauseOnMouseEnter&quot;:true},&quot;arrows&quot;:true,&quot;dots&quot;:true,&quot;dots_position&quot;:&quot;left&quot;,&quot;animation&quot;:&quot;&quot;}\">\r\n\t\t\t\t\t\t\t\t\t\t\t\t\t\t\t\t\r\n\t\t\t\t<div class=\"banner banner-items banner-69d5ff35dc8a2 arrows-right-bottom pagination-left\" id=\"banner-69d5ff35dc8a3\">\r\n          <div class=\"swiper-container\">\r\n            <div class=\"swiper-wrapper\">\r\n                    <div class=\"item swiper-slide item-banner banner-item-69d5ff35dc8d9 elementor-repeater-item-9799635 tar with-shadow white\">\r\n        <div class=\"bg-image\" style=\"background-image: url(https:\/\/unseen-report.com\/wp-content\/uploads\/2024\/11\/MERCEDES-4K.png)\"><\/div>\r\n                  \n    <div class=\"bg-overlay\">\n          <\/div>\n\n                            <div class=\"container\">\r\n          <div class=\"cell middle\">\r\n\t\t\t\t\t\t\t\t\t\t\t\t\t<div class=\"heading heading-decor\">\r\n\t\t\t\t\t\t\t\t\t\t\t\t\t\t\t\t\t<div class=\"sub-heading\">SHOOTING I MERCEDES<\/div>\r\n\t\t\t\t\t\t\t\t\t\t\t\t\t\t\t\t<h3 class=\"h\">\r\n\t\t\t\t\t\t\t\t\tCLASSE E 63S AMG\t\t\t\t\t\t\t\t<\/h3>\r\n\t\t\t\t\t\t\t<\/div>\r\n\t\t\t\t\t\t\t\t\t\t\t\t\t\t\t\t\t\t\t<div class=\"text\">En 10 photos captivantes, notre shooting r\u00e9v\u00e8le la puissance et l'\u00e9l\u00e9gance de la Mercedes Classe E 63S AMG. Un hommage visuel \u00e0 une voiture d'exception.<\/div>\r\n\t\t\t\t\t    \t\t\t\t\t    \t\t\t\t\t\t    <a href=\"https:\/\/forms.monday.com\/forms\/e8d1412886121f3cfd3ff20528dbf748?r=euc1\" class=\"button-style1\">\r\n\t\t\t\t\t\t    \t\t\t\t\t\t\t\t    <span>demander un devis<\/span>\r\n\t\t\t\t\t\t\t<\/a>\r\n\t\t\t\t\t\t\t\t\t\t\t\t\t\t\t\t\t<\/div>\r\n\t\t\t\t<\/div>\r\n\t\t\t<\/div>\r\n\t\t            <\/div>\r\n          <\/div>\r\n          \r\n          <div class=\"owl-nav\"><div class=\"owl-prev basic-ui-icon-left-arrow\"><\/div><div class=\"owl-next basic-ui-icon-right-arrow\"><\/div><\/div>\r\n          <div class=\"owl-dots\"><\/div>          \r\n\t\t\t\t<\/div>\r\n\r\n\t\t\t<\/div>\r\n\t\t\t\t\t\t<\/div>\n\t\t\t\t<\/div>\n\t\t\t\t\t<\/div>\n\t\t<\/div>\n\t\t\t\t\t<\/div>\n\t\t<\/section>\n\t\t<div class=\"elementor-element elementor-element-697c848 e-flex e-con-boxed e-con e-parent\" data-id=\"697c848\" data-element_type=\"container\" data-e-type=\"container\">\n\t\t\t\t\t<div class=\"e-con-inner\">\n\t\t<div class=\"elementor-element elementor-element-5035ced e-con-full e-flex e-con e-child\" data-id=\"5035ced\" data-element_type=\"container\" data-e-type=\"container\">\n\t\t\t\t<div class=\"elementor-element elementor-element-53e3250 elementor-widget elementor-widget-yprm_heading\" data-id=\"53e3250\" data-element_type=\"widget\" data-e-type=\"widget\" data-widget_type=\"yprm_heading.default\">\n\t\t\t\t<div class=\"elementor-widget-container\">\n\t\t\t\t\t\t\t\t<div class=\"heading-block\">\n\t\t\t\t\t\t\t\t\t<div class=\"sub-h\">Project overview<\/div>\n\t\t\t\t        \t\t\t<\/div>\n              <div class=\"heading-content\">Pour ce projet, le but \u00e9tait de capturer l'essence de la puissante Classe E 63S AMG, une voiture qui incarne l'alliance parfaite entre performance et \u00e9l\u00e9gance. Le shooting a eu lieu \u00e0 Marseille, en concession pour mettre en valeur les lignes et le design audacieux de ce mod\u00e8le embl\u00e9matique. La Classe E 63S AMG est bien plus qu'un simple v\u00e9hicule ; c'est une d\u00e9claration de style, de puissance et de raffinement. Nous avons choisi une mise en sc\u00e8ne sobre et \u00e9l\u00e9gante, avec un \u00e9clairage focalis\u00e9 pour faire ressortir la finesse des d\u00e9tails et la pr\u00e9sence imposante de cette AMG sur la route.<\/div>\n      \t\t\t\t\t\t<\/div>\n\t\t\t\t<\/div>\n\t\t\t\t<\/div>\n\t\t<div class=\"elementor-element elementor-element-3b8c3a0 e-con-full e-flex e-con e-child\" data-id=\"3b8c3a0\" data-element_type=\"container\" data-e-type=\"container\">\n\t\t\t\t<div class=\"elementor-element elementor-element-6d4ea7a elementor-widget elementor-widget-yprm_heading\" data-id=\"6d4ea7a\" data-element_type=\"widget\" data-e-type=\"widget\" data-widget_type=\"yprm_heading.default\">\n\t\t\t\t<div class=\"elementor-widget-container\">\n\t\t\t\t\t\t\t\t<div class=\"heading-block\">\n\t\t\t\t\t\t\t\t\t<div class=\"sub-h\">Results<\/div>\n\t\t\t\t        \t\t\t<\/div>\n              <div class=\"heading-content\">Gr\u00e2ce \u00e0 un jeu d'ombres et de lumi\u00e8res savamment ma\u00eetris\u00e9, le r\u00e9sultat final offre une s\u00e9rie de 10 photos saisissantes, o\u00f9 chaque clich\u00e9 met en exergue la robustesse et la sophistication de la Classe E 63S AMG. La grille avant distinctive, les courbes sculpt\u00e9es et les \u00e9l\u00e9ments de design sont magnifi\u00e9s dans des prises de vue dynamiques qui capturent toute la puissance et le luxe de cette Mercedes. Chaque photo raconte une histoire : celle d'une voiture con\u00e7ue pour les amateurs de sensations fortes, alliant performance et \u00e9l\u00e9gance dans les moindres d\u00e9tails.<\/div>\n      \t\t\t\t\t\t<\/div>\n\t\t\t\t<\/div>\n\t\t\t\t<\/div>\n\t\t\t\t\t<\/div>\n\t\t\t\t<\/div>\n\t\t<div class=\"elementor-element elementor-element-dd97aa0 e-flex e-con-boxed e-con e-parent\" data-id=\"dd97aa0\" data-element_type=\"container\" data-e-type=\"container\">\n\t\t\t\t\t<div class=\"e-con-inner\">\n\t\t\t\t<div class=\"elementor-element elementor-element-21c76c3 elementor-widget elementor-widget-image\" data-id=\"21c76c3\" data-element_type=\"widget\" data-e-type=\"widget\" data-widget_type=\"image.default\">\n\t\t\t\t<div class=\"elementor-widget-container\">\n\t\t\t\t\t\t\t\t\t\t\t\t\t\t\t<img fetchpriority=\"high\" decoding=\"async\" width=\"1024\" height=\"576\" src=\"https:\/\/unseen-report.com\/wp-content\/uploads\/2024\/11\/MERCEDES-4K-1024x576.png\" class=\"attachment-large size-large wp-image-3810\" alt=\"\" srcset=\"https:\/\/unseen-report.com\/wp-content\/uploads\/2024\/11\/MERCEDES-4K-1024x576.png 1024w, https:\/\/unseen-report.com\/wp-content\/uploads\/2024\/11\/MERCEDES-4K-300x169.png 300w, https:\/\/unseen-report.com\/wp-content\/uploads\/2024\/11\/MERCEDES-4K-768x432.png 768w, https:\/\/unseen-report.com\/wp-content\/uploads\/2024\/11\/MERCEDES-4K-1536x864.png 1536w, https:\/\/unseen-report.com\/wp-content\/uploads\/2024\/11\/MERCEDES-4K-2048x1152.png 2048w, https:\/\/unseen-report.com\/wp-content\/uploads\/2024\/11\/MERCEDES-4K-70x39.png 70w, https:\/\/unseen-report.com\/wp-content\/uploads\/2024\/11\/MERCEDES-4K-600x338.png 600w\" sizes=\"(max-width: 1024px) 100vw, 1024px\" \/>\t\t\t\t\t\t\t\t\t\t\t\t\t\t\t<\/div>\n\t\t\t\t<\/div>\n\t\t\t\t<div class=\"elementor-element elementor-element-77f25c7 elementor-widget elementor-widget-yprm_photo_carousel\" data-id=\"77f25c7\" data-element_type=\"widget\" data-e-type=\"widget\" data-widget_type=\"yprm_photo_carousel.default\">\n\t\t\t\t<div class=\"elementor-widget-container\">\n\t\t\t\t\t\t    \t<div class=\"photo-carousel\" data-banner-settings=\"{&quot;loop&quot;:true,&quot;autoplay&quot;:true,&quot;arrows&quot;:true,&quot;autoplay_speed&quot;:5000,&quot;speed&quot;:300}\">\n\t    \t\t\t\t\t\t<div class=\"carousel\">\n\t\t\t\t\t\t\t\t\t    \t<div class=\"item\" style=\"background-image: url(https:\/\/unseen-report.com\/wp-content\/uploads\/2024\/11\/MERCEDES-I-2023-03-02-I-CLASSE-E-63S-AMG-00013.png );\"><\/div>\n\t\t\t\t    \t\t\t\t    \t<div class=\"item\" style=\"background-image: url(https:\/\/unseen-report.com\/wp-content\/uploads\/2024\/11\/MERCEDES-I-2023-03-02-I-CLASSE-E-63S-AMG-00018.png );\"><\/div>\n\t\t\t\t    \t\t\t\t    \t<div class=\"item\" style=\"background-image: url(https:\/\/unseen-report.com\/wp-content\/uploads\/2024\/11\/MERCEDES-I-2023-03-02-I-CLASSE-E-63S-AMG-00027.jpg );\"><\/div>\n\t\t\t\t    \t\t\t\t    \t<div class=\"item\" style=\"background-image: url(https:\/\/unseen-report.com\/wp-content\/uploads\/2024\/11\/MERCEDES-I-2023-03-02-I-CLASSE-E-63S-AMG-00038.png );\"><\/div>\n\t\t\t\t    \t\t\t\t    \t<div class=\"item\" style=\"background-image: url(https:\/\/unseen-report.com\/wp-content\/uploads\/2024\/11\/MERCEDES-I-2023-03-02-I-CLASSE-E-63S-AMG-00060.jpg );\"><\/div>\n\t\t\t\t    \t\t\t\t    \t<div class=\"item\" style=\"background-image: url(https:\/\/unseen-report.com\/wp-content\/uploads\/2024\/11\/MERCEDES-I-2023-03-02-I-CLASSE-E-63S-AMG-00062.jpg );\"><\/div>\n\t\t\t\t    \t\t\t\t    \t<div class=\"item\" style=\"background-image: url(https:\/\/unseen-report.com\/wp-content\/uploads\/2024\/11\/MERCEDES-I-2023-03-02-I-CLASSE-E-63S-AMG-00064-Enhanced-NR.jpg );\"><\/div>\n\t\t\t\t    \t\t\t\t    \t<div class=\"item\" style=\"background-image: url(https:\/\/unseen-report.com\/wp-content\/uploads\/2024\/11\/MERCEDES-I-2023-03-02-I-CLASSE-E-63S-AMG-00072.jpg );\"><\/div>\n\t\t\t\t    \t\t\t\t    \t<div class=\"item\" style=\"background-image: url(https:\/\/unseen-report.com\/wp-content\/uploads\/2024\/11\/MERCEDES-I-2023-03-02-I-CLASSE-E-63S-AMG-00079.jpg );\"><\/div>\n\t\t\t\t    \t\t\t\t<\/div>\n\t    \t<\/div>\t\n\t    \t\t\t\t<\/div>\n\t\t\t\t<\/div>\n\t\t\t\t\t<\/div>\n\t\t\t\t<\/div>\n\t\t<div class=\"elementor-element elementor-element-47bc7c5 e-flex e-con-boxed e-con e-parent\" data-id=\"47bc7c5\" data-element_type=\"container\" data-e-type=\"container\">\n\t\t\t\t\t<div class=\"e-con-inner\">\n\t\t\t\t<div class=\"elementor-element elementor-element-ff0fe4b elementor-align-center elementor-widget elementor-widget-button\" data-id=\"ff0fe4b\" data-element_type=\"widget\" data-e-type=\"widget\" data-widget_type=\"button.default\">\n\t\t\t\t<div class=\"elementor-widget-container\">\n\t\t\t\t\t\t\t\t\t<div class=\"elementor-button-wrapper\">\n\t\t\t\t\t<a class=\"elementor-button elementor-button-link elementor-size-sm\" href=\"https:\/\/forms.monday.com\/forms\/e8d1412886121f3cfd3ff20528dbf748?r=euc1\">\n\t\t\t\t\t\t<span class=\"elementor-button-content-wrapper\">\n\t\t\t\t\t\t\t\t\t<span class=\"elementor-button-text\">DEMANDER UN DEVIS<\/span>\n\t\t\t\t\t<\/span>\n\t\t\t\t\t<\/a>\n\t\t\t\t<\/div>\n\t\t\t\t\t\t\t\t<\/div>\n\t\t\t\t<\/div>\n\t\t\t\t\t<\/div>\n\t\t\t\t<\/div>\n\t\t\t\t<\/div>\n\t\t","protected":false},"excerpt":{"rendered":"<p>SHOOTING I MERCEDES CLASSE E 63S AMG En 10 photos captivantes, notre shooting r\u00e9v\u00e8le la puissance et l&#8217;\u00e9l\u00e9gance de la Mercedes Classe E 63S AMG. Un hommage visuel \u00e0 une voiture d&#8217;exception. demander un devis Project overview Pour ce projet, le but \u00e9tait de capturer l&#8217;essence de la puissante Classe E 63S AMG, une voiture [&hellip;]<\/p>\n","protected":false},"author":1,"featured_media":0,"parent":0,"menu_order":0,"comment_status":"closed","ping_status":"closed","template":"template-landing.php","meta":{"_acf_changed":false,"om_disable_all_campaigns":false,"_monsterinsights_skip_tracking":false,"_monsterinsights_sitenote_active":false,"_monsterinsights_sitenote_note":"","_monsterinsights_sitenote_category":0,"_uf_show_specific_survey":0,"_uf_disable_surveys":false,"footnotes":""},"class_list":["post-3538","page","type-page","status-publish","hentry"],"acf":[],"aioseo_notices":[],"_links":{"self":[{"href":"https:\/\/unseen-report.com\/index.php\/wp-json\/wp\/v2\/pages\/3538","targetHints":{"allow":["GET"]}}],"collection":[{"href":"https:\/\/unseen-report.com\/index.php\/wp-json\/wp\/v2\/pages"}],"about":[{"href":"https:\/\/unseen-report.com\/index.php\/wp-json\/wp\/v2\/types\/page"}],"author":[{"embeddable":true,"href":"https:\/\/unseen-report.com\/index.php\/wp-json\/wp\/v2\/users\/1"}],"replies":[{"embeddable":true,"href":"https:\/\/unseen-report.com\/index.php\/wp-json\/wp\/v2\/comments?post=3538"}],"version-history":[{"count":16,"href":"https:\/\/unseen-report.com\/index.php\/wp-json\/wp\/v2\/pages\/3538\/revisions"}],"predecessor-version":[{"id":3881,"href":"https:\/\/unseen-report.com\/index.php\/wp-json\/wp\/v2\/pages\/3538\/revisions\/3881"}],"wp:attachment":[{"href":"https:\/\/unseen-report.com\/index.php\/wp-json\/wp\/v2\/media?parent=3538"}],"curies":[{"name":"wp","href":"https:\/\/api.w.org\/{rel}","templated":true}]}}