{"id":3695,"date":"2024-05-19T15:23:43","date_gmt":"2024-05-19T13:23:43","guid":{"rendered":"https:\/\/unseen-report.com\/?page_id=3695"},"modified":"2024-11-06T21:43:06","modified_gmt":"2024-11-06T20:43:06","slug":"works","status":"publish","type":"page","link":"https:\/\/unseen-report.com\/index.php\/works\/","title":{"rendered":"Works"},"content":{"rendered":"\t\t<div data-elementor-type=\"wp-page\" data-elementor-id=\"3695\" class=\"elementor elementor-3695\">\n\t\t\t\t\t\t<section class=\"elementor-section elementor-top-section elementor-element elementor-element-a1feeb2 elementor-section-full_width elementor-section-height-default elementor-section-height-default\" data-id=\"a1feeb2\" data-element_type=\"section\" data-e-type=\"section\">\n\t\t\t\t\t\t<div class=\"elementor-container elementor-column-gap-no\">\n\t\t\t\t\t<div class=\"elementor-column elementor-col-100 elementor-top-column elementor-element elementor-element-0e05300\" data-id=\"0e05300\" data-element_type=\"column\" data-e-type=\"column\">\n\t\t\t<div class=\"elementor-widget-wrap elementor-element-populated\">\n\t\t\t\t\t\t<div class=\"elementor-element elementor-element-f57af6b elementor-widget elementor-widget-yprm_heading\" data-id=\"f57af6b\" data-element_type=\"widget\" data-e-type=\"widget\" data-widget_type=\"yprm_heading.default\">\n\t\t\t\t<div class=\"elementor-widget-container\">\n\t\t\t\t\t\t\t\t<div class=\"heading-block with-line tac\">\n\t\t\t\t                  <h2 class=\"h\">SERVICES<span>.<\/span><\/h2>\n        \t\t\t<\/div>\n              <div class=\"heading-content\">3 P\u00f4les, 1 Gagnant : Vous.<\/div>\n      \t\t\t\t\t\t<\/div>\n\t\t\t\t<\/div>\n\t\t\t\t<div class=\"elementor-element elementor-element-86a9deb elementor-widget elementor-widget-yprm_categories\" data-id=\"86a9deb\" data-element_type=\"widget\" data-e-type=\"widget\" data-settings=\"{&quot;cols_xs&quot;:1,&quot;cols_sm&quot;:2,&quot;cols_md&quot;:3,&quot;cols_lg&quot;:3,&quot;cols_xl&quot;:3}\" data-widget_type=\"yprm_categories.default\">\n\t\t\t\t<div class=\"elementor-widget-container\">\n\t\t\t\t\t\t\t<div class=\"category row category-block type-normal\" data-portfolio-settings=\"{&quot;mousewheel&quot;:true,&quot;carousel&quot;:true,&quot;autoplay_speed&quot;:5000,&quot;pauseohover&quot;:true,&quot;speed&quot;:300,&quot;type&quot;:&quot;normal&quot;,&quot;cols_xs&quot;:1,&quot;cols_sm&quot;:2,&quot;cols_md&quot;:3,&quot;cols_lg&quot;:3,&quot;cols_xl&quot;:3}\">\r\n\t\t\t\t\t\t\t<div class=\"item category-item elementor-repeater-item-4d365f4 white\" style=\"background-image: url(https:\/\/unseen-report.com\/wp-content\/uploads\/2024\/11\/PRODUCTIONS.jpg);\">\r\n\t\t\t\t\t\t\t<h6 class=\"sub-h\">CR\u00c9ATIONS<\/h6>\r\n\t\t\t\t\t\t<h3 class=\"h\">PRODUCTIONS<\/h3>\r\n\t\t\t\t\t\t\t<a class=\"button-style1\" target=\"_blank\" rel=\"nofollow\" href=\"https:\/\/forms.monday.com\/forms\/e8d1412886121f3cfd3ff20528dbf748?r=euc1\">DEMANDER UN DEVIS<\/a>\r\n\t\t\t\t\t<\/div>\r\n\t\t\t\t<div class=\"item category-item elementor-repeater-item-734d7e2 white\" style=\"background-image: url(https:\/\/unseen-report.com\/wp-content\/uploads\/2024\/11\/c25fc770335dc84c35b7a47d9baf068f.jpg);\">\r\n\t\t\t\t\t\t\t<h6 class=\"sub-h\">CASSER LES CODES, RED\u00c9FINIR VOTRE IMAGE<\/h6>\r\n\t\t\t\t\t\t<h3 class=\"h\">DIR. ARTISTIQUE<\/h3>\r\n\t\t\t\t\t\t\t<a class=\"button-style1\" target=\"_blank\" rel=\"nofollow\" href=\"https:\/\/forms.monday.com\/forms\/e8d1412886121f3cfd3ff20528dbf748?r=euc1\">DEMANDER UN DEVIS<\/a>\r\n\t\t\t\t\t<\/div>\r\n\t\t\t\t<div class=\"item category-item elementor-repeater-item-2660bb3 white\" style=\"background-image: url(https:\/\/unseen-report.com\/wp-content\/uploads\/2024\/11\/50550f9de1fbd5b7da834f07cc0b3922-471x1024.jpg);\">\r\n\t\t\t\t\t\t\t<h6 class=\"sub-h\">R\u00c9SEAUX SOCIAUX - WEBSITE<\/h6>\r\n\t\t\t\t\t\t<h3 class=\"h\">WEB 2.0<\/h3>\r\n\t\t\t\t\t\t\t<a class=\"button-style1\" target=\"_blank\" rel=\"nofollow\" href=\"https:\/\/forms.monday.com\/forms\/e8d1412886121f3cfd3ff20528dbf748?r=euc1\">DEMANDER UN DEVIS<\/a>\r\n\t\t\t\t\t<\/div>\r\n\t\t\t\t\t\t<\/div>\r\n\r\n\t\t\t\t\t\t<\/div>\n\t\t\t\t<\/div>\n\t\t\t\t<div class=\"elementor-element elementor-element-b9abe66 elementor-widget-divider--view-line elementor-widget elementor-widget-divider\" data-id=\"b9abe66\" data-element_type=\"widget\" data-e-type=\"widget\" data-widget_type=\"divider.default\">\n\t\t\t\t<div class=\"elementor-widget-container\">\n\t\t\t\t\t\t\t<div class=\"elementor-divider\">\n\t\t\t<span class=\"elementor-divider-separator\">\n\t\t\t\t\t\t<\/span>\n\t\t<\/div>\n\t\t\t\t\t\t<\/div>\n\t\t\t\t<\/div>\n\t\t\t\t<div class=\"elementor-element elementor-element-2095a91 elementor-widget elementor-widget-yprm_heading\" data-id=\"2095a91\" data-element_type=\"widget\" data-e-type=\"widget\" data-widget_type=\"yprm_heading.default\">\n\t\t\t\t<div class=\"elementor-widget-container\">\n\t\t\t\t\t\t\t\t<div class=\"heading-block with-line tac\">\n\t\t\t\t                  <h2 class=\"h\">WORKS<span>.<\/span><\/h2>\n        \t\t\t<\/div>\n              <div class=\"heading-content\">Des cr\u00e9ations qui ne se contentent pas de raconter, mais qui changent le jeu. Voici ceux qui ont os\u00e9 avec nous.<\/div>\n      \t\t\t\t\t\t<\/div>\n\t\t\t\t<\/div>\n\t\t\t\t\t<\/div>\n\t\t<\/div>\n\t\t\t\t\t<\/div>\n\t\t<\/section>\n\t\t\t\t<section class=\"elementor-section elementor-top-section elementor-element elementor-element-3b056d6 elementor-section-full_width elementor-section-height-default elementor-section-height-default\" data-id=\"3b056d6\" data-element_type=\"section\" data-e-type=\"section\">\n\t\t\t\t\t\t<div class=\"elementor-container elementor-column-gap-no\">\n\t\t\t\t\t<div class=\"elementor-column elementor-col-100 elementor-top-column elementor-element elementor-element-fa57685\" data-id=\"fa57685\" data-element_type=\"column\" data-e-type=\"column\">\n\t\t\t<div class=\"elementor-widget-wrap elementor-element-populated\">\n\t\t\t\t<a class=\"elementor-element elementor-element-d0031e9 e-con-full e-flex e-con e-parent\" data-id=\"d0031e9\" data-element_type=\"container\" data-e-type=\"container\" data-settings=\"{&quot;background_background&quot;:&quot;slideshow&quot;,&quot;background_slideshow_gallery&quot;:[{&quot;id&quot;:3778,&quot;url&quot;:&quot;https:\\\/\\\/unseen-report.com\\\/wp-content\\\/uploads\\\/2024\\\/11\\\/FAMILY-PUMA-1.jpg&quot;}],&quot;background_slideshow_ken_burns&quot;:&quot;yes&quot;,&quot;background_slideshow_loop&quot;:&quot;yes&quot;,&quot;background_slideshow_slide_duration&quot;:5000,&quot;background_slideshow_slide_transition&quot;:&quot;fade&quot;,&quot;background_slideshow_transition_duration&quot;:500,&quot;background_slideshow_ken_burns_zoom_direction&quot;:&quot;in&quot;}\" href=\"https:\/\/unseen-report.com\/index.php\/family3-0-aap-x-puma\/\">\n\t\t<div class=\"elementor-element elementor-element-ddc446d e-grid e-con-full e-con e-child\" data-id=\"ddc446d\" data-element_type=\"container\" data-e-type=\"container\">\n\t\t\t\t<div class=\"elementor-element elementor-element-973c4b3 elementor-widget elementor-widget-heading\" data-id=\"973c4b3\" data-element_type=\"widget\" data-e-type=\"widget\" data-widget_type=\"heading.default\">\n\t\t\t\t<div class=\"elementor-widget-container\">\n\t\t\t\t\t<h5 class=\"elementor-heading-title elementor-size-default\">FAMILY 3.0 :\n<br>\nA$AP X PUMA<\/h5>\t\t\t\t<\/div>\n\t\t\t\t<\/div>\n\t\t\t\t<div class=\"elementor-element elementor-element-1d0d02a elementor-hidden-mobile elementor-widget elementor-widget-image\" data-id=\"1d0d02a\" data-element_type=\"widget\" data-e-type=\"widget\" data-widget_type=\"image.default\">\n\t\t\t\t<div class=\"elementor-widget-container\">\n\t\t\t\t\t\t\t\t\t\t\t\t\t\t\t<img decoding=\"async\" width=\"150\" height=\"35\" src=\"https:\/\/unseen-report.com\/wp-content\/uploads\/2021\/06\/Unseen-Report-mobile-blanc.png\" class=\"attachment-large size-large wp-image-3510\" alt=\"\" srcset=\"https:\/\/unseen-report.com\/wp-content\/uploads\/2021\/06\/Unseen-Report-mobile-blanc.png 150w, https:\/\/unseen-report.com\/wp-content\/uploads\/2021\/06\/Unseen-Report-mobile-blanc-70x16.png 70w\" sizes=\"(max-width: 150px) 100vw, 150px\" \/>\t\t\t\t\t\t\t\t\t\t\t\t\t\t\t<\/div>\n\t\t\t\t<\/div>\n\t\t<div class=\"elementor-element elementor-element-d9e4c42 e-grid e-con-full e-con e-child\" data-id=\"d9e4c42\" data-element_type=\"container\" data-e-type=\"container\">\n\t\t\t\t<div class=\"elementor-element elementor-element-84fbdb0 elementor-widget elementor-widget-heading\" data-id=\"84fbdb0\" data-element_type=\"widget\" data-e-type=\"widget\" data-widget_type=\"heading.default\">\n\t\t\t\t<div class=\"elementor-widget-container\">\n\t\t\t\t\t<h5 class=\"elementor-heading-title elementor-size-default\">DATE<\/h5>\t\t\t\t<\/div>\n\t\t\t\t<\/div>\n\t\t\t\t<div class=\"elementor-element elementor-element-19e5da8 elementor-widget elementor-widget-heading\" data-id=\"19e5da8\" data-element_type=\"widget\" data-e-type=\"widget\" data-widget_type=\"heading.default\">\n\t\t\t\t<div class=\"elementor-widget-container\">\n\t\t\t\t\t<h5 class=\"elementor-heading-title elementor-size-default\">CLIENT<\/h5>\t\t\t\t<\/div>\n\t\t\t\t<\/div>\n\t\t\t\t<div class=\"elementor-element elementor-element-b3363c5 elementor-widget elementor-widget-heading\" data-id=\"b3363c5\" data-element_type=\"widget\" data-e-type=\"widget\" data-widget_type=\"heading.default\">\n\t\t\t\t<div class=\"elementor-widget-container\">\n\t\t\t\t\t<h5 class=\"elementor-heading-title elementor-size-default\">TYPE<\/h5>\t\t\t\t<\/div>\n\t\t\t\t<\/div>\n\t\t\t\t<div class=\"elementor-element elementor-element-9e52c86 elementor-widget elementor-widget-heading\" data-id=\"9e52c86\" data-element_type=\"widget\" data-e-type=\"widget\" data-widget_type=\"heading.default\">\n\t\t\t\t<div class=\"elementor-widget-container\">\n\t\t\t\t\t<h6 class=\"elementor-heading-title elementor-size-default\">AUG 28, 2024<\/h6>\t\t\t\t<\/div>\n\t\t\t\t<\/div>\n\t\t\t\t<div class=\"elementor-element elementor-element-bc3f5b2 elementor-widget elementor-widget-heading\" data-id=\"bc3f5b2\" data-element_type=\"widget\" data-e-type=\"widget\" data-widget_type=\"heading.default\">\n\t\t\t\t<div class=\"elementor-widget-container\">\n\t\t\t\t\t<h6 class=\"elementor-heading-title elementor-size-default\">FAMILY 3.0<\/h6>\t\t\t\t<\/div>\n\t\t\t\t<\/div>\n\t\t\t\t<div class=\"elementor-element elementor-element-cbcdbfd elementor-widget elementor-widget-heading\" data-id=\"cbcdbfd\" data-element_type=\"widget\" data-e-type=\"widget\" data-widget_type=\"heading.default\">\n\t\t\t\t<div class=\"elementor-widget-container\">\n\t\t\t\t\t<h6 class=\"elementor-heading-title elementor-size-default\">ADVERTISE<\/h6>\t\t\t\t<\/div>\n\t\t\t\t<\/div>\n\t\t\t\t<\/div>\n\t\t\t\t<\/div>\n\t\t\t\t<\/a>\n\t\t<a class=\"elementor-element elementor-element-5b11a25 e-con-full e-flex e-con e-parent\" data-id=\"5b11a25\" data-element_type=\"container\" data-e-type=\"container\" data-settings=\"{&quot;background_background&quot;:&quot;slideshow&quot;,&quot;background_slideshow_gallery&quot;:[{&quot;id&quot;:3763,&quot;url&quot;:&quot;https:\\\/\\\/unseen-report.com\\\/wp-content\\\/uploads\\\/2024\\\/11\\\/BG-WORK-SITE-MERCEDES.png&quot;}],&quot;background_slideshow_ken_burns&quot;:&quot;yes&quot;,&quot;background_slideshow_loop&quot;:&quot;yes&quot;,&quot;background_slideshow_slide_duration&quot;:5000,&quot;background_slideshow_slide_transition&quot;:&quot;fade&quot;,&quot;background_slideshow_transition_duration&quot;:500,&quot;background_slideshow_ken_burns_zoom_direction&quot;:&quot;in&quot;}\" href=\"https:\/\/unseen-report.com\/index.php\/mercedes-classe-e-63s-amg\/\">\n\t\t<div class=\"elementor-element elementor-element-703d1dc e-grid e-con-full e-con e-child\" data-id=\"703d1dc\" data-element_type=\"container\" data-e-type=\"container\">\n\t\t\t\t<div class=\"elementor-element elementor-element-1dd8f86 elementor-widget elementor-widget-heading\" data-id=\"1dd8f86\" data-element_type=\"widget\" data-e-type=\"widget\" data-widget_type=\"heading.default\">\n\t\t\t\t<div class=\"elementor-widget-container\">\n\t\t\t\t\t<h5 class=\"elementor-heading-title elementor-size-default\">MERCEDES :\n<br>\nCLASSE E 63S AMG<\/h5>\t\t\t\t<\/div>\n\t\t\t\t<\/div>\n\t\t\t\t<div class=\"elementor-element elementor-element-575b407 elementor-hidden-mobile elementor-widget elementor-widget-image\" data-id=\"575b407\" data-element_type=\"widget\" data-e-type=\"widget\" data-widget_type=\"image.default\">\n\t\t\t\t<div class=\"elementor-widget-container\">\n\t\t\t\t\t\t\t\t\t\t\t\t\t\t\t<img decoding=\"async\" width=\"150\" height=\"35\" src=\"https:\/\/unseen-report.com\/wp-content\/uploads\/2021\/06\/Unseen-Report-mobile-blanc.png\" class=\"attachment-large size-large wp-image-3510\" alt=\"\" srcset=\"https:\/\/unseen-report.com\/wp-content\/uploads\/2021\/06\/Unseen-Report-mobile-blanc.png 150w, https:\/\/unseen-report.com\/wp-content\/uploads\/2021\/06\/Unseen-Report-mobile-blanc-70x16.png 70w\" sizes=\"(max-width: 150px) 100vw, 150px\" \/>\t\t\t\t\t\t\t\t\t\t\t\t\t\t\t<\/div>\n\t\t\t\t<\/div>\n\t\t<div class=\"elementor-element elementor-element-d393273 e-grid e-con-full e-con e-child\" data-id=\"d393273\" data-element_type=\"container\" data-e-type=\"container\">\n\t\t\t\t<div class=\"elementor-element elementor-element-204f2d4 elementor-widget elementor-widget-heading\" data-id=\"204f2d4\" data-element_type=\"widget\" data-e-type=\"widget\" data-widget_type=\"heading.default\">\n\t\t\t\t<div class=\"elementor-widget-container\">\n\t\t\t\t\t<h5 class=\"elementor-heading-title elementor-size-default\">DATE<\/h5>\t\t\t\t<\/div>\n\t\t\t\t<\/div>\n\t\t\t\t<div class=\"elementor-element elementor-element-5966435 elementor-widget elementor-widget-heading\" data-id=\"5966435\" data-element_type=\"widget\" data-e-type=\"widget\" data-widget_type=\"heading.default\">\n\t\t\t\t<div class=\"elementor-widget-container\">\n\t\t\t\t\t<h5 class=\"elementor-heading-title elementor-size-default\">CLIENT<\/h5>\t\t\t\t<\/div>\n\t\t\t\t<\/div>\n\t\t\t\t<div class=\"elementor-element elementor-element-990405c elementor-widget elementor-widget-heading\" data-id=\"990405c\" data-element_type=\"widget\" data-e-type=\"widget\" data-widget_type=\"heading.default\">\n\t\t\t\t<div class=\"elementor-widget-container\">\n\t\t\t\t\t<h5 class=\"elementor-heading-title elementor-size-default\">TYPE<\/h5>\t\t\t\t<\/div>\n\t\t\t\t<\/div>\n\t\t\t\t<div class=\"elementor-element elementor-element-5998a13 elementor-widget elementor-widget-heading\" data-id=\"5998a13\" data-element_type=\"widget\" data-e-type=\"widget\" data-widget_type=\"heading.default\">\n\t\t\t\t<div class=\"elementor-widget-container\">\n\t\t\t\t\t<h6 class=\"elementor-heading-title elementor-size-default\">OCT 10, 2023<\/h6>\t\t\t\t<\/div>\n\t\t\t\t<\/div>\n\t\t\t\t<div class=\"elementor-element elementor-element-84a12a8 elementor-widget elementor-widget-heading\" data-id=\"84a12a8\" data-element_type=\"widget\" data-e-type=\"widget\" data-widget_type=\"heading.default\">\n\t\t\t\t<div class=\"elementor-widget-container\">\n\t\t\t\t\t<h6 class=\"elementor-heading-title elementor-size-default\">PARS AGERE<\/h6>\t\t\t\t<\/div>\n\t\t\t\t<\/div>\n\t\t\t\t<div class=\"elementor-element elementor-element-f53be85 elementor-widget elementor-widget-heading\" data-id=\"f53be85\" data-element_type=\"widget\" data-e-type=\"widget\" data-widget_type=\"heading.default\">\n\t\t\t\t<div class=\"elementor-widget-container\">\n\t\t\t\t\t<h6 class=\"elementor-heading-title elementor-size-default\">SHOOTING<\/h6>\t\t\t\t<\/div>\n\t\t\t\t<\/div>\n\t\t\t\t<\/div>\n\t\t\t\t<\/div>\n\t\t\t\t<\/a>\n\t\t<a class=\"elementor-element elementor-element-53f9ae4 e-con-full e-flex e-con e-parent\" data-id=\"53f9ae4\" data-element_type=\"container\" data-e-type=\"container\" data-settings=\"{&quot;background_background&quot;:&quot;slideshow&quot;,&quot;background_slideshow_gallery&quot;:[{&quot;id&quot;:3775,&quot;url&quot;:&quot;https:\\\/\\\/unseen-report.com\\\/wp-content\\\/uploads\\\/2024\\\/11\\\/BG-FRETO.png&quot;}],&quot;background_slideshow_ken_burns&quot;:&quot;yes&quot;,&quot;background_slideshow_loop&quot;:&quot;yes&quot;,&quot;background_slideshow_slide_duration&quot;:5000,&quot;background_slideshow_slide_transition&quot;:&quot;fade&quot;,&quot;background_slideshow_transition_duration&quot;:500,&quot;background_slideshow_ken_burns_zoom_direction&quot;:&quot;in&quot;}\" href=\"https:\/\/unseen-report.com\/index.php\/freto-leos-with-patrick-bruel\/\">\n\t\t<div class=\"elementor-element elementor-element-49b521d e-grid e-con-full e-con e-child\" data-id=\"49b521d\" data-element_type=\"container\" data-e-type=\"container\">\n\t\t\t\t<div class=\"elementor-element elementor-element-f992adc elementor-widget elementor-widget-heading\" data-id=\"f992adc\" data-element_type=\"widget\" data-e-type=\"widget\" data-widget_type=\"heading.default\">\n\t\t\t\t<div class=\"elementor-widget-container\">\n\t\t\t\t\t<h5 class=\"elementor-heading-title elementor-size-default\">FR\u00c8TO :\n<br>\nLEOS WITH PATRICK BRUEL<\/h5>\t\t\t\t<\/div>\n\t\t\t\t<\/div>\n\t\t\t\t<div class=\"elementor-element elementor-element-0692d76 elementor-hidden-mobile elementor-widget elementor-widget-image\" data-id=\"0692d76\" data-element_type=\"widget\" data-e-type=\"widget\" data-widget_type=\"image.default\">\n\t\t\t\t<div class=\"elementor-widget-container\">\n\t\t\t\t\t\t\t\t\t\t\t\t\t\t\t<img decoding=\"async\" width=\"150\" height=\"35\" src=\"https:\/\/unseen-report.com\/wp-content\/uploads\/2021\/06\/Unseen-Report-mobile-blanc.png\" class=\"attachment-large size-large wp-image-3510\" alt=\"\" srcset=\"https:\/\/unseen-report.com\/wp-content\/uploads\/2021\/06\/Unseen-Report-mobile-blanc.png 150w, https:\/\/unseen-report.com\/wp-content\/uploads\/2021\/06\/Unseen-Report-mobile-blanc-70x16.png 70w\" sizes=\"(max-width: 150px) 100vw, 150px\" \/>\t\t\t\t\t\t\t\t\t\t\t\t\t\t\t<\/div>\n\t\t\t\t<\/div>\n\t\t<div class=\"elementor-element elementor-element-6a66b92 e-grid e-con-full e-con e-child\" data-id=\"6a66b92\" data-element_type=\"container\" data-e-type=\"container\">\n\t\t\t\t<div class=\"elementor-element elementor-element-a38c799 elementor-widget elementor-widget-heading\" data-id=\"a38c799\" data-element_type=\"widget\" data-e-type=\"widget\" data-widget_type=\"heading.default\">\n\t\t\t\t<div class=\"elementor-widget-container\">\n\t\t\t\t\t<h5 class=\"elementor-heading-title elementor-size-default\">DATE<\/h5>\t\t\t\t<\/div>\n\t\t\t\t<\/div>\n\t\t\t\t<div class=\"elementor-element elementor-element-896e6c8 elementor-widget elementor-widget-heading\" data-id=\"896e6c8\" data-element_type=\"widget\" data-e-type=\"widget\" data-widget_type=\"heading.default\">\n\t\t\t\t<div class=\"elementor-widget-container\">\n\t\t\t\t\t<h5 class=\"elementor-heading-title elementor-size-default\">CLIENT<\/h5>\t\t\t\t<\/div>\n\t\t\t\t<\/div>\n\t\t\t\t<div class=\"elementor-element elementor-element-f85df7a elementor-widget elementor-widget-heading\" data-id=\"f85df7a\" data-element_type=\"widget\" data-e-type=\"widget\" data-widget_type=\"heading.default\">\n\t\t\t\t<div class=\"elementor-widget-container\">\n\t\t\t\t\t<h5 class=\"elementor-heading-title elementor-size-default\">TYPE<\/h5>\t\t\t\t<\/div>\n\t\t\t\t<\/div>\n\t\t\t\t<div class=\"elementor-element elementor-element-3c08429 elementor-widget elementor-widget-heading\" data-id=\"3c08429\" data-element_type=\"widget\" data-e-type=\"widget\" data-widget_type=\"heading.default\">\n\t\t\t\t<div class=\"elementor-widget-container\">\n\t\t\t\t\t<h6 class=\"elementor-heading-title elementor-size-default\">APR 30, 2024<\/h6>\t\t\t\t<\/div>\n\t\t\t\t<\/div>\n\t\t\t\t<div class=\"elementor-element elementor-element-44b90f0 elementor-widget elementor-widget-heading\" data-id=\"44b90f0\" data-element_type=\"widget\" data-e-type=\"widget\" data-widget_type=\"heading.default\">\n\t\t\t\t<div class=\"elementor-widget-container\">\n\t\t\t\t\t<h6 class=\"elementor-heading-title elementor-size-default\">MAISON FR\u00c8TO<\/h6>\t\t\t\t<\/div>\n\t\t\t\t<\/div>\n\t\t\t\t<div class=\"elementor-element elementor-element-a7d41db elementor-widget elementor-widget-heading\" data-id=\"a7d41db\" data-element_type=\"widget\" data-e-type=\"widget\" data-widget_type=\"heading.default\">\n\t\t\t\t<div class=\"elementor-widget-container\">\n\t\t\t\t\t<h6 class=\"elementor-heading-title elementor-size-default\">REPORT<\/h6>\t\t\t\t<\/div>\n\t\t\t\t<\/div>\n\t\t\t\t<\/div>\n\t\t\t\t<\/div>\n\t\t\t\t<\/a>\n\t\t<a class=\"elementor-element elementor-element-99b0dcf e-con-full e-flex e-con e-parent\" data-id=\"99b0dcf\" data-element_type=\"container\" data-e-type=\"container\" data-settings=\"{&quot;background_background&quot;:&quot;slideshow&quot;,&quot;background_slideshow_gallery&quot;:[{&quot;id&quot;:3779,&quot;url&quot;:&quot;https:\\\/\\\/unseen-report.com\\\/wp-content\\\/uploads\\\/2024\\\/11\\\/LP-SIMU.jpg&quot;}],&quot;background_slideshow_ken_burns&quot;:&quot;yes&quot;,&quot;background_slideshow_loop&quot;:&quot;yes&quot;,&quot;background_slideshow_slide_duration&quot;:5000,&quot;background_slideshow_slide_transition&quot;:&quot;fade&quot;,&quot;background_slideshow_transition_duration&quot;:500,&quot;background_slideshow_ken_burns_zoom_direction&quot;:&quot;in&quot;}\" href=\"https:\/\/unseen-report.com\/index.php\/lp-simu-lancement-de-la-nouvelle-r5\/\">\n\t\t<div class=\"elementor-element elementor-element-ec5e81a e-grid e-con-full e-con e-child\" data-id=\"ec5e81a\" data-element_type=\"container\" data-e-type=\"container\">\n\t\t\t\t<div class=\"elementor-element elementor-element-0b5c70f elementor-widget elementor-widget-heading\" data-id=\"0b5c70f\" data-element_type=\"widget\" data-e-type=\"widget\" data-widget_type=\"heading.default\">\n\t\t\t\t<div class=\"elementor-widget-container\">\n\t\t\t\t\t<h5 class=\"elementor-heading-title elementor-size-default\">LP SIMU :\n<br>\nLOCATION DE SIMULATEURS DE COURSE<\/h5>\t\t\t\t<\/div>\n\t\t\t\t<\/div>\n\t\t\t\t<div class=\"elementor-element elementor-element-988f72f elementor-hidden-mobile elementor-widget elementor-widget-image\" data-id=\"988f72f\" data-element_type=\"widget\" data-e-type=\"widget\" data-widget_type=\"image.default\">\n\t\t\t\t<div class=\"elementor-widget-container\">\n\t\t\t\t\t\t\t\t\t\t\t\t\t\t\t<img decoding=\"async\" width=\"150\" height=\"35\" src=\"https:\/\/unseen-report.com\/wp-content\/uploads\/2021\/06\/Unseen-Report-mobile-blanc.png\" class=\"attachment-large size-large wp-image-3510\" alt=\"\" srcset=\"https:\/\/unseen-report.com\/wp-content\/uploads\/2021\/06\/Unseen-Report-mobile-blanc.png 150w, https:\/\/unseen-report.com\/wp-content\/uploads\/2021\/06\/Unseen-Report-mobile-blanc-70x16.png 70w\" sizes=\"(max-width: 150px) 100vw, 150px\" \/>\t\t\t\t\t\t\t\t\t\t\t\t\t\t\t<\/div>\n\t\t\t\t<\/div>\n\t\t<div class=\"elementor-element elementor-element-4769f1a e-grid e-con-full e-con e-child\" data-id=\"4769f1a\" data-element_type=\"container\" data-e-type=\"container\">\n\t\t\t\t<div class=\"elementor-element elementor-element-27ce75f elementor-widget elementor-widget-heading\" data-id=\"27ce75f\" data-element_type=\"widget\" data-e-type=\"widget\" data-widget_type=\"heading.default\">\n\t\t\t\t<div class=\"elementor-widget-container\">\n\t\t\t\t\t<h5 class=\"elementor-heading-title elementor-size-default\">DATE<\/h5>\t\t\t\t<\/div>\n\t\t\t\t<\/div>\n\t\t\t\t<div class=\"elementor-element elementor-element-cf90995 elementor-widget elementor-widget-heading\" data-id=\"cf90995\" data-element_type=\"widget\" data-e-type=\"widget\" data-widget_type=\"heading.default\">\n\t\t\t\t<div class=\"elementor-widget-container\">\n\t\t\t\t\t<h5 class=\"elementor-heading-title elementor-size-default\">CLIENT<\/h5>\t\t\t\t<\/div>\n\t\t\t\t<\/div>\n\t\t\t\t<div class=\"elementor-element elementor-element-7ae9132 elementor-widget elementor-widget-heading\" data-id=\"7ae9132\" data-element_type=\"widget\" data-e-type=\"widget\" data-widget_type=\"heading.default\">\n\t\t\t\t<div class=\"elementor-widget-container\">\n\t\t\t\t\t<h5 class=\"elementor-heading-title elementor-size-default\">TYPE<\/h5>\t\t\t\t<\/div>\n\t\t\t\t<\/div>\n\t\t\t\t<div class=\"elementor-element elementor-element-a4a7e22 elementor-widget elementor-widget-heading\" data-id=\"a4a7e22\" data-element_type=\"widget\" data-e-type=\"widget\" data-widget_type=\"heading.default\">\n\t\t\t\t<div class=\"elementor-widget-container\">\n\t\t\t\t\t<h6 class=\"elementor-heading-title elementor-size-default\">OCT 10, 2024<\/h6>\t\t\t\t<\/div>\n\t\t\t\t<\/div>\n\t\t\t\t<div class=\"elementor-element elementor-element-5815d90 elementor-widget elementor-widget-heading\" data-id=\"5815d90\" data-element_type=\"widget\" data-e-type=\"widget\" data-widget_type=\"heading.default\">\n\t\t\t\t<div class=\"elementor-widget-container\">\n\t\t\t\t\t<h6 class=\"elementor-heading-title elementor-size-default\">LP SIMU<\/h6>\t\t\t\t<\/div>\n\t\t\t\t<\/div>\n\t\t\t\t<div class=\"elementor-element elementor-element-26bc13b elementor-widget elementor-widget-heading\" data-id=\"26bc13b\" data-element_type=\"widget\" data-e-type=\"widget\" data-widget_type=\"heading.default\">\n\t\t\t\t<div class=\"elementor-widget-container\">\n\t\t\t\t\t<h6 class=\"elementor-heading-title elementor-size-default\">ADVERTISE<\/h6>\t\t\t\t<\/div>\n\t\t\t\t<\/div>\n\t\t\t\t<\/div>\n\t\t\t\t<\/div>\n\t\t\t\t<\/a>\n\t\t\t\t\t<\/div>\n\t\t<\/div>\n\t\t\t\t\t<\/div>\n\t\t<\/section>\n\t\t\t\t<\/div>\n\t\t","protected":false},"excerpt":{"rendered":"<p>SERVICES. 3 P\u00f4les, 1 Gagnant : Vous. CR\u00c9ATIONS PRODUCTIONS DEMANDER UN DEVIS CASSER LES CODES, RED\u00c9FINIR VOTRE IMAGE DIR. ARTISTIQUE DEMANDER UN DEVIS R\u00c9SEAUX SOCIAUX &#8211; WEBSITE WEB 2.0 DEMANDER UN DEVIS WORKS. Des cr\u00e9ations qui ne se contentent pas de raconter, mais qui changent le jeu. Voici ceux qui ont os\u00e9 avec nous. FAMILY [&hellip;]<\/p>\n","protected":false},"author":1,"featured_media":0,"parent":0,"menu_order":0,"comment_status":"closed","ping_status":"closed","template":"template-landing.php","meta":{"_acf_changed":false,"om_disable_all_campaigns":false,"_monsterinsights_skip_tracking":false,"_monsterinsights_sitenote_active":false,"_monsterinsights_sitenote_note":"","_monsterinsights_sitenote_category":0,"_uf_show_specific_survey":0,"_uf_disable_surveys":false,"footnotes":""},"class_list":["post-3695","page","type-page","status-publish","hentry"],"acf":[],"aioseo_notices":[],"_links":{"self":[{"href":"https:\/\/unseen-report.com\/index.php\/wp-json\/wp\/v2\/pages\/3695","targetHints":{"allow":["GET"]}}],"collection":[{"href":"https:\/\/unseen-report.com\/index.php\/wp-json\/wp\/v2\/pages"}],"about":[{"href":"https:\/\/unseen-report.com\/index.php\/wp-json\/wp\/v2\/types\/page"}],"author":[{"embeddable":true,"href":"https:\/\/unseen-report.com\/index.php\/wp-json\/wp\/v2\/users\/1"}],"replies":[{"embeddable":true,"href":"https:\/\/unseen-report.com\/index.php\/wp-json\/wp\/v2\/comments?post=3695"}],"version-history":[{"count":13,"href":"https:\/\/unseen-report.com\/index.php\/wp-json\/wp\/v2\/pages\/3695\/revisions"}],"predecessor-version":[{"id":3884,"href":"https:\/\/unseen-report.com\/index.php\/wp-json\/wp\/v2\/pages\/3695\/revisions\/3884"}],"wp:attachment":[{"href":"https:\/\/unseen-report.com\/index.php\/wp-json\/wp\/v2\/media?parent=3695"}],"curies":[{"name":"wp","href":"https:\/\/api.w.org\/{rel}","templated":true}]}}