{"id":3838,"date":"2024-11-06T20:35:39","date_gmt":"2024-11-06T19:35:39","guid":{"rendered":"https:\/\/unseen-report.com\/?page_id=3838"},"modified":"2024-11-06T21:38:06","modified_gmt":"2024-11-06T20:38:06","slug":"freto-leos-with-patrick-bruel","status":"publish","type":"page","link":"https:\/\/unseen-report.com\/index.php\/freto-leos-with-patrick-bruel\/","title":{"rendered":"Fr\u00e8to &#8211; L\u00e9os with Patrick Bruel"},"content":{"rendered":"\t\t<div data-elementor-type=\"wp-page\" data-elementor-id=\"3838\" class=\"elementor elementor-3838\">\n\t\t\t\t\t\t<section class=\"elementor-section elementor-top-section elementor-element elementor-element-61664e6 elementor-section-full_width elementor-section-height-default elementor-section-height-default\" data-id=\"61664e6\" data-element_type=\"section\" data-e-type=\"section\">\n\t\t\t\t\t\t<div class=\"elementor-container elementor-column-gap-no\">\n\t\t\t\t\t<div class=\"elementor-column elementor-col-100 elementor-top-column elementor-element elementor-element-0309cf6\" data-id=\"0309cf6\" data-element_type=\"column\" data-e-type=\"column\">\n\t\t\t<div class=\"elementor-widget-wrap elementor-element-populated\">\n\t\t\t\t\t\t<div class=\"elementor-element elementor-element-c5fbd94 elementor-widget elementor-widget-yprm_banner\" data-id=\"c5fbd94\" data-element_type=\"widget\" data-e-type=\"widget\" data-widget_type=\"yprm_banner.default\">\n\t\t\t\t<div class=\"elementor-widget-container\">\n\t\t\t\t\t\t\t\t<div class=\"banner-wrapper banner-area banner-69f51f3b0ec04\" style=\"--transition-speed: 2300ms;\" data-settings=\"{&quot;loop&quot;:true,&quot;speed&quot;:300,&quot;autoplay&quot;:{&quot;delay&quot;:5000,&quot;disableOnInteraction&quot;:false,&quot;pauseOnMouseEnter&quot;:true},&quot;arrows&quot;:true,&quot;dots&quot;:true,&quot;dots_position&quot;:&quot;left&quot;,&quot;animation&quot;:&quot;&quot;}\">\r\n\t\t\t\t\t\t\t\t\t\t\t\t\t\t\t\t\r\n\t\t\t\t<div class=\"banner banner-items banner-69f51f3b0ec0a arrows-right-bottom pagination-left\" id=\"banner-69f51f3b0ec0b\">\r\n          <div class=\"swiper-container\">\r\n            <div class=\"swiper-wrapper\">\r\n                    <div class=\"item swiper-slide item-banner banner-item-69f51f3b0ec3c elementor-repeater-item-9799635 tar with-shadow white\">\r\n        <div class=\"bg-image\" style=\"background-image: url(https:\/\/unseen-report.com\/wp-content\/uploads\/2024\/11\/BG-FRETO-1.png)\"><\/div>\r\n                  \n    <div class=\"bg-overlay\">\n          <\/div>\n\n                            <div class=\"container\">\r\n          <div class=\"cell middle\">\r\n\t\t\t\t\t\t\t\t\t\t\t\t\t<div class=\"heading heading-decor\">\r\n\t\t\t\t\t\t\t\t\t\t\t\t\t\t\t\t\t<div class=\"sub-heading\">REPORT I FR\u00c8TO<\/div>\r\n\t\t\t\t\t\t\t\t\t\t\t\t\t\t\t\t<h3 class=\"h\">\r\n\t\t\t\t\t\t\t\t\tLEOS WITH PATRICK BRUEL\t\t\t\t\t\t\t\t<\/h3>\r\n\t\t\t\t\t\t\t<\/div>\r\n\t\t\t\t\t\t\t\t\t\t\t\t\t\t\t\t\t\t\t<div class=\"text\">Une rencontre inspirante entre Fr\u00e8to, glacier artisan, et le Domaine de Leos de Patrick Bruel, pour cr\u00e9er des parfums glac\u00e9s uniques aux saveurs de Provence.<\/div>\r\n\t\t\t\t\t    \t\t\t\t\t    \t\t\t\t\t\t    <a href=\"https:\/\/forms.monday.com\/forms\/e8d1412886121f3cfd3ff20528dbf748?r=euc1\" class=\"button-style1\">\r\n\t\t\t\t\t\t    \t\t\t\t\t\t\t\t    <span>demander un devis<\/span>\r\n\t\t\t\t\t\t\t<\/a>\r\n\t\t\t\t\t\t\t\t\t\t\t\t\t\t\t\t\t<\/div>\r\n\t\t\t\t<\/div>\r\n\t\t\t<\/div>\r\n\t\t            <\/div>\r\n          <\/div>\r\n          \r\n          <div class=\"owl-nav\"><div class=\"owl-prev basic-ui-icon-left-arrow\"><\/div><div class=\"owl-next basic-ui-icon-right-arrow\"><\/div><\/div>\r\n          <div class=\"owl-dots\"><\/div>          \r\n\t\t\t\t<\/div>\r\n\r\n\t\t\t<\/div>\r\n\t\t\t\t\t\t<\/div>\n\t\t\t\t<\/div>\n\t\t\t\t\t<\/div>\n\t\t<\/div>\n\t\t\t\t\t<\/div>\n\t\t<\/section>\n\t\t<div class=\"elementor-element elementor-element-697c848 e-flex e-con-boxed e-con e-parent\" data-id=\"697c848\" data-element_type=\"container\" data-e-type=\"container\">\n\t\t\t\t\t<div class=\"e-con-inner\">\n\t\t<div class=\"elementor-element elementor-element-5035ced e-con-full e-flex e-con e-child\" data-id=\"5035ced\" data-element_type=\"container\" data-e-type=\"container\">\n\t\t\t\t<div class=\"elementor-element elementor-element-53e3250 elementor-widget elementor-widget-yprm_heading\" data-id=\"53e3250\" data-element_type=\"widget\" data-e-type=\"widget\" data-widget_type=\"yprm_heading.default\">\n\t\t\t\t<div class=\"elementor-widget-container\">\n\t\t\t\t\t\t\t\t<div class=\"heading-block\">\n\t\t\t\t\t\t\t\t\t<div class=\"sub-h\">Project overview<\/div>\n\t\t\t\t        \t\t\t<\/div>\n              <div class=\"heading-content\">Ce projet retrace une rencontre passionnante entre Fr\u00e8to, glacier artisan, et le Domaine de Leos, propri\u00e9t\u00e9 de Patrick Bruel, reconnu pour ses produits de qualit\u00e9, notamment son huile d'olive embl\u00e9matique. Les trois fondateurs de Fr\u00e8to se sont rendus au domaine pour \u00e9changer et explorer de nouvelles saveurs en collaboration avec ce lieu d'exception. La vid\u00e9o documente cette rencontre unique, m\u00ealant authenticit\u00e9 et savoir-faire, o\u00f9 tradition et innovation se rejoignent pour cr\u00e9er des parfums glac\u00e9s in\u00e9dits, inspir\u00e9s par les richesses du terroir proven\u00e7al.<\/div>\n      \t\t\t\t\t\t<\/div>\n\t\t\t\t<\/div>\n\t\t\t\t<\/div>\n\t\t<div class=\"elementor-element elementor-element-3b8c3a0 e-con-full e-flex e-con e-child\" data-id=\"3b8c3a0\" data-element_type=\"container\" data-e-type=\"container\">\n\t\t\t\t<div class=\"elementor-element elementor-element-6d4ea7a elementor-widget elementor-widget-yprm_heading\" data-id=\"6d4ea7a\" data-element_type=\"widget\" data-e-type=\"widget\" data-widget_type=\"yprm_heading.default\">\n\t\t\t\t<div class=\"elementor-widget-container\">\n\t\t\t\t\t\t\t\t<div class=\"heading-block\">\n\t\t\t\t\t\t\t\t\t<div class=\"sub-h\">Results<\/div>\n\t\t\t\t        \t\t\t<\/div>\n              <div class=\"heading-content\">Le r\u00e9sultat final est une vid\u00e9o immersive et chaleureuse qui capture l\u2019essence de cette collaboration. Les spectateurs sont transport\u00e9s au c\u0153ur des terres proven\u00e7ales du Domaine de Leos, o\u00f9 ils d\u00e9couvrent l'interaction entre les artisans de Fr\u00e8to et Patrick Bruel. La vid\u00e9o met en lumi\u00e8re l'\u00e9laboration des parfums uniques de glace, dont un sorbet \u00e0 l'huile d'olive, en illustrant chaque \u00e9tape, du dialogue cr\u00e9atif \u00e0 la concr\u00e9tisation des saveurs. Ce projet r\u00e9v\u00e8le la synergie entre deux mondes, alliant gourmandise, respect du terroir et passion pour l'artisanat.<\/div>\n      \t\t\t\t\t\t<\/div>\n\t\t\t\t<\/div>\n\t\t\t\t<\/div>\n\t\t\t\t\t<\/div>\n\t\t\t\t<\/div>\n\t\t<div class=\"elementor-element elementor-element-dd97aa0 e-flex e-con-boxed e-con e-parent\" data-id=\"dd97aa0\" data-element_type=\"container\" data-e-type=\"container\">\n\t\t\t\t\t<div class=\"e-con-inner\">\n\t\t\t\t<div class=\"elementor-element elementor-element-ab03668 elementor-widget elementor-widget-yprm_video\" data-id=\"ab03668\" data-element_type=\"widget\" data-e-type=\"widget\" data-widget_type=\"yprm_video.default\">\n\t\t\t\t<div class=\"elementor-widget-container\">\n\t\t\t\t\t\t\t<div class=\"video-block popup-gallery\">\r\n\t\t\t<div class=\"popup-item\" style=\"background-image: url(https:\/\/unseen-report.com\/wp-content\/uploads\/2024\/11\/BG-FRETO-1-1024x356.png);\">\r\n\t\t\t\t<div class=\"area\">\r\n\t\t\t\t\t<div class=\"content\">\r\n\t\t\t\t\t\t\t\t\t\t\t\t\t\t\t\t\t<\/div>\r\n\t\t\t\t\t<a href=\"#\" data-type=\"video\" data-popup-json=\"{&quot;video&quot;:{&quot;html&quot;:&quot;&lt;iframe class=\\&quot;pswp__video\\&quot; width=\\&quot;1920\\&quot; height=\\&quot;1080\\&quot; src=\\&quot;https:\\\/\\\/youtube.com\\\/embed\\\/ddLt_7OoHRw?rel=0&#038;showinfo=0&#038;enablejsapi=1\\&quot; frameborder=\\&quot;0\\&quot; allowfullscreen=\\&quot;\\&quot;&gt;&lt;\\\/iframe&gt;&quot;,&quot;w&quot;:1920,&quot;h&quot;:1080}}\" data-id=\"0\">\r\n\t\t\t\t\t\t<div><i class=\"music-and-multimedia-play-button\"><\/i><\/div>\r\n\t\t\t\t\t<\/a>\r\n\t\t\t\t<\/div>\r\n\t\t\t<\/div>\r\n\t\t<\/div>\r\n\t\t\t\t\t\t<\/div>\n\t\t\t\t<\/div>\n\t\t\t\t\t<\/div>\n\t\t\t\t<\/div>\n\t\t<div class=\"elementor-element elementor-element-47bc7c5 e-flex e-con-boxed e-con e-parent\" data-id=\"47bc7c5\" data-element_type=\"container\" data-e-type=\"container\">\n\t\t\t\t\t<div class=\"e-con-inner\">\n\t\t\t\t<div class=\"elementor-element elementor-element-ff0fe4b elementor-align-center elementor-widget elementor-widget-button\" data-id=\"ff0fe4b\" data-element_type=\"widget\" data-e-type=\"widget\" data-widget_type=\"button.default\">\n\t\t\t\t<div class=\"elementor-widget-container\">\n\t\t\t\t\t\t\t\t\t<div class=\"elementor-button-wrapper\">\n\t\t\t\t\t<a class=\"elementor-button elementor-button-link elementor-size-sm\" href=\"https:\/\/forms.monday.com\/forms\/e8d1412886121f3cfd3ff20528dbf748?r=euc1\">\n\t\t\t\t\t\t<span class=\"elementor-button-content-wrapper\">\n\t\t\t\t\t\t\t\t\t<span class=\"elementor-button-text\">DEMANDER UN DEVIS<\/span>\n\t\t\t\t\t<\/span>\n\t\t\t\t\t<\/a>\n\t\t\t\t<\/div>\n\t\t\t\t\t\t\t\t<\/div>\n\t\t\t\t<\/div>\n\t\t\t\t\t<\/div>\n\t\t\t\t<\/div>\n\t\t\t\t<\/div>\n\t\t","protected":false},"excerpt":{"rendered":"<p>REPORT I FR\u00c8TO LEOS WITH PATRICK BRUEL Une rencontre inspirante entre Fr\u00e8to, glacier artisan, et le Domaine de Leos de Patrick Bruel, pour cr\u00e9er des parfums glac\u00e9s uniques aux saveurs de Provence. demander un devis Project overview Ce projet retrace une rencontre passionnante entre Fr\u00e8to, glacier artisan, et le Domaine de Leos, propri\u00e9t\u00e9 de Patrick [&hellip;]<\/p>\n","protected":false},"author":1,"featured_media":0,"parent":0,"menu_order":0,"comment_status":"closed","ping_status":"closed","template":"template-landing.php","meta":{"_acf_changed":false,"om_disable_all_campaigns":false,"_monsterinsights_skip_tracking":false,"_monsterinsights_sitenote_active":false,"_monsterinsights_sitenote_note":"","_monsterinsights_sitenote_category":0,"_uf_show_specific_survey":0,"_uf_disable_surveys":false,"footnotes":""},"class_list":["post-3838","page","type-page","status-publish","hentry"],"acf":[],"aioseo_notices":[],"_links":{"self":[{"href":"https:\/\/unseen-report.com\/index.php\/wp-json\/wp\/v2\/pages\/3838","targetHints":{"allow":["GET"]}}],"collection":[{"href":"https:\/\/unseen-report.com\/index.php\/wp-json\/wp\/v2\/pages"}],"about":[{"href":"https:\/\/unseen-report.com\/index.php\/wp-json\/wp\/v2\/types\/page"}],"author":[{"embeddable":true,"href":"https:\/\/unseen-report.com\/index.php\/wp-json\/wp\/v2\/users\/1"}],"replies":[{"embeddable":true,"href":"https:\/\/unseen-report.com\/index.php\/wp-json\/wp\/v2\/comments?post=3838"}],"version-history":[{"count":13,"href":"https:\/\/unseen-report.com\/index.php\/wp-json\/wp\/v2\/pages\/3838\/revisions"}],"predecessor-version":[{"id":3875,"href":"https:\/\/unseen-report.com\/index.php\/wp-json\/wp\/v2\/pages\/3838\/revisions\/3875"}],"wp:attachment":[{"href":"https:\/\/unseen-report.com\/index.php\/wp-json\/wp\/v2\/media?parent=3838"}],"curies":[{"name":"wp","href":"https:\/\/api.w.org\/{rel}","templated":true}]}}