{"id":3852,"date":"2024-11-06T21:12:38","date_gmt":"2024-11-06T20:12:38","guid":{"rendered":"https:\/\/unseen-report.com\/?page_id=3852"},"modified":"2024-11-06T21:38:44","modified_gmt":"2024-11-06T20:38:44","slug":"lp-simu-lancement-de-la-nouvelle-r5","status":"publish","type":"page","link":"https:\/\/unseen-report.com\/index.php\/lp-simu-lancement-de-la-nouvelle-r5\/","title":{"rendered":"LP Simu &#8211; Lancement de la nouvelle R5"},"content":{"rendered":"\t\t<div data-elementor-type=\"wp-page\" data-elementor-id=\"3852\" class=\"elementor elementor-3852\">\n\t\t\t\t\t\t<section class=\"elementor-section elementor-top-section elementor-element elementor-element-61664e6 elementor-section-full_width elementor-section-height-default elementor-section-height-default\" data-id=\"61664e6\" data-element_type=\"section\" data-e-type=\"section\">\n\t\t\t\t\t\t<div class=\"elementor-container elementor-column-gap-no\">\n\t\t\t\t\t<div class=\"elementor-column elementor-col-100 elementor-top-column elementor-element elementor-element-0309cf6\" data-id=\"0309cf6\" data-element_type=\"column\" data-e-type=\"column\">\n\t\t\t<div class=\"elementor-widget-wrap elementor-element-populated\">\n\t\t\t\t\t\t<div class=\"elementor-element elementor-element-c5fbd94 elementor-widget elementor-widget-yprm_banner\" data-id=\"c5fbd94\" data-element_type=\"widget\" data-e-type=\"widget\" data-widget_type=\"yprm_banner.default\">\n\t\t\t\t<div class=\"elementor-widget-container\">\n\t\t\t\t\t\t\t\t<div class=\"banner-wrapper banner-area banner-69d6018bdfbbc\" style=\"--transition-speed: 2300ms;\" data-settings=\"{&quot;loop&quot;:true,&quot;speed&quot;:300,&quot;autoplay&quot;:{&quot;delay&quot;:5000,&quot;disableOnInteraction&quot;:false,&quot;pauseOnMouseEnter&quot;:true},&quot;arrows&quot;:true,&quot;dots&quot;:true,&quot;dots_position&quot;:&quot;left&quot;,&quot;animation&quot;:&quot;&quot;}\">\r\n\t\t\t\t\t\t\t\t\t\t\t\t\t\t\t\t\r\n\t\t\t\t<div class=\"banner banner-items banner-69d6018bdfbc2 arrows-right-bottom pagination-left\" id=\"banner-69d6018bdfbc3\">\r\n          <div class=\"swiper-container\">\r\n            <div class=\"swiper-wrapper\">\r\n                    <div class=\"item swiper-slide item-banner banner-item-69d6018bdfbfe elementor-repeater-item-9799635 tar with-shadow white\">\r\n        <div class=\"bg-image\" style=\"background-image: url(https:\/\/unseen-report.com\/wp-content\/uploads\/2024\/11\/LP-SIMU.jpg)\"><\/div>\r\n                  \n    <div class=\"bg-overlay\">\n          <\/div>\n\n                            <div class=\"container\">\r\n          <div class=\"cell middle\">\r\n\t\t\t\t\t\t\t\t\t\t\t\t\t<div class=\"heading heading-decor\">\r\n\t\t\t\t\t\t\t\t\t\t\t\t\t\t\t\t\t<div class=\"sub-heading\">ADVERTISE I LP SIMU<\/div>\r\n\t\t\t\t\t\t\t\t\t\t\t\t\t\t\t\t<h3 class=\"h\">\r\n\t\t\t\t\t\t\t\t\tLP SIMU I LANCEMENT DE LA NOUVELLE R5\t\t\t\t\t\t\t\t<\/h3>\r\n\t\t\t\t\t\t\t<\/div>\r\n\t\t\t\t\t\t\t\t\t\t\t\t\t\t\t\t\t\t\t<div class=\"text\">\u00c0 l\u2019occasion du lancement de la R5, LP Simu, sp\u00e9cialiste en location de simulateurs de comp\u00e9tition haut de gamme, a con\u00e7u un simulateur de course unique d\u00e9di\u00e9 \u00e0 ce mod\u00e8le embl\u00e9matique.<\/div>\r\n\t\t\t\t\t    \t\t\t\t\t    \t\t\t\t\t\t    <a href=\"https:\/\/forms.monday.com\/forms\/e8d1412886121f3cfd3ff20528dbf748?r=euc1\" class=\"button-style1\">\r\n\t\t\t\t\t\t    \t\t\t\t\t\t\t\t    <span>demander un devis<\/span>\r\n\t\t\t\t\t\t\t<\/a>\r\n\t\t\t\t\t\t\t\t\t\t\t\t\t\t\t\t\t<\/div>\r\n\t\t\t\t<\/div>\r\n\t\t\t<\/div>\r\n\t\t            <\/div>\r\n          <\/div>\r\n          \r\n          <div class=\"owl-nav\"><div class=\"owl-prev basic-ui-icon-left-arrow\"><\/div><div class=\"owl-next basic-ui-icon-right-arrow\"><\/div><\/div>\r\n          <div class=\"owl-dots\"><\/div>          \r\n\t\t\t\t<\/div>\r\n\r\n\t\t\t<\/div>\r\n\t\t\t\t\t\t<\/div>\n\t\t\t\t<\/div>\n\t\t\t\t\t<\/div>\n\t\t<\/div>\n\t\t\t\t\t<\/div>\n\t\t<\/section>\n\t\t<div class=\"elementor-element elementor-element-697c848 e-flex e-con-boxed e-con e-parent\" data-id=\"697c848\" data-element_type=\"container\" data-e-type=\"container\">\n\t\t\t\t\t<div class=\"e-con-inner\">\n\t\t<div class=\"elementor-element elementor-element-5035ced e-con-full e-flex e-con e-child\" data-id=\"5035ced\" data-element_type=\"container\" data-e-type=\"container\">\n\t\t\t\t<div class=\"elementor-element elementor-element-53e3250 elementor-widget elementor-widget-yprm_heading\" data-id=\"53e3250\" data-element_type=\"widget\" data-e-type=\"widget\" data-widget_type=\"yprm_heading.default\">\n\t\t\t\t<div class=\"elementor-widget-container\">\n\t\t\t\t\t\t\t\t<div class=\"heading-block\">\n\t\t\t\t\t\t\t\t\t<div class=\"sub-h\">Project overview<\/div>\n\t\t\t\t        \t\t\t<\/div>\n              <div class=\"heading-content\">LP Simu, entreprise sp\u00e9cialis\u00e9e dans la location de simulateurs de comp\u00e9tition sur-mesure et haut de gamme, a \u00e9t\u00e9 invit\u00e9e \u00e0 participer au lancement de la nouvelle R5. Pour marquer cet \u00e9v\u00e9nement sp\u00e9cial, LP Simu a con\u00e7u un simulateur de course exclusif, reproduisant l'exp\u00e9rience de conduite de la R5 de mani\u00e8re immersive et r\u00e9aliste. Ce projet visait \u00e0 offrir aux participants une exp\u00e9rience unique, leur permettant de d\u00e9couvrir les sensations de pilotage d'un mod\u00e8le mythique dans un environnement de simulation haute performance.<\/div>\n      \t\t\t\t\t\t<\/div>\n\t\t\t\t<\/div>\n\t\t\t\t<\/div>\n\t\t<div class=\"elementor-element elementor-element-3b8c3a0 e-con-full e-flex e-con e-child\" data-id=\"3b8c3a0\" data-element_type=\"container\" data-e-type=\"container\">\n\t\t\t\t<div class=\"elementor-element elementor-element-6d4ea7a elementor-widget elementor-widget-yprm_heading\" data-id=\"6d4ea7a\" data-element_type=\"widget\" data-e-type=\"widget\" data-widget_type=\"yprm_heading.default\">\n\t\t\t\t<div class=\"elementor-widget-container\">\n\t\t\t\t\t\t\t\t<div class=\"heading-block\">\n\t\t\t\t\t\t\t\t\t<div class=\"sub-h\">Results<\/div>\n\t\t\t\t        \t\t\t<\/div>\n              <div class=\"heading-content\">Le r\u00e9sultat final est un simulateur R5 haut de gamme qui a captiv\u00e9 les invit\u00e9s de l'\u00e9v\u00e9nement. Les participants ont pu vivre une exp\u00e9rience de conduite intense et r\u00e9aliste, plongeant dans l'univers de la R5 gr\u00e2ce \u00e0 des graphismes soign\u00e9s et un syst\u00e8me de simulation avanc\u00e9. Le simulateur a su recr\u00e9er l'authenticit\u00e9 de la course tout en offrant une exp\u00e9rience ludique et inoubliable, consolidant la r\u00e9putation de LP Simu comme leader dans les simulateurs de comp\u00e9tition personnalis\u00e9s et innovants.<\/div>\n      \t\t\t\t\t\t<\/div>\n\t\t\t\t<\/div>\n\t\t\t\t<\/div>\n\t\t\t\t\t<\/div>\n\t\t\t\t<\/div>\n\t\t<div class=\"elementor-element elementor-element-dd97aa0 e-flex e-con-boxed e-con e-parent\" data-id=\"dd97aa0\" data-element_type=\"container\" data-e-type=\"container\">\n\t\t\t\t\t<div class=\"e-con-inner\">\n\t\t\t\t<div class=\"elementor-element elementor-element-ab03668 elementor-widget elementor-widget-yprm_video\" data-id=\"ab03668\" data-element_type=\"widget\" data-e-type=\"widget\" data-widget_type=\"yprm_video.default\">\n\t\t\t\t<div class=\"elementor-widget-container\">\n\t\t\t\t\t\t\t<div class=\"video-block popup-gallery\">\r\n\t\t\t<div class=\"popup-item\" style=\"background-image: url(https:\/\/unseen-report.com\/wp-content\/uploads\/2024\/11\/LP-SIMU-1024x356.jpg);\">\r\n\t\t\t\t<div class=\"area\">\r\n\t\t\t\t\t<div class=\"content\">\r\n\t\t\t\t\t\t\t\t\t\t\t\t\t\t\t\t\t<\/div>\r\n\t\t\t\t\t<a href=\"#\" data-type=\"video\" data-popup-json=\"{&quot;video&quot;:{&quot;html&quot;:&quot;&lt;iframe class=\\&quot;pswp__video\\&quot; width=\\&quot;1920\\&quot; height=\\&quot;1080\\&quot; src=\\&quot;https:\\\/\\\/youtube.com\\\/embed\\\/qtsBvfHlzGI?rel=0&#038;showinfo=0&#038;enablejsapi=1\\&quot; frameborder=\\&quot;0\\&quot; allowfullscreen=\\&quot;\\&quot;&gt;&lt;\\\/iframe&gt;&quot;,&quot;w&quot;:1920,&quot;h&quot;:1080}}\" data-id=\"0\">\r\n\t\t\t\t\t\t<div><i class=\"music-and-multimedia-play-button\"><\/i><\/div>\r\n\t\t\t\t\t<\/a>\r\n\t\t\t\t<\/div>\r\n\t\t\t<\/div>\r\n\t\t<\/div>\r\n\t\t\t\t\t\t<\/div>\n\t\t\t\t<\/div>\n\t\t\t\t\t<\/div>\n\t\t\t\t<\/div>\n\t\t<div class=\"elementor-element elementor-element-47bc7c5 e-flex e-con-boxed e-con e-parent\" data-id=\"47bc7c5\" data-element_type=\"container\" data-e-type=\"container\">\n\t\t\t\t\t<div class=\"e-con-inner\">\n\t\t\t\t<div class=\"elementor-element elementor-element-ff0fe4b elementor-align-center elementor-widget elementor-widget-button\" data-id=\"ff0fe4b\" data-element_type=\"widget\" data-e-type=\"widget\" data-widget_type=\"button.default\">\n\t\t\t\t<div class=\"elementor-widget-container\">\n\t\t\t\t\t\t\t\t\t<div class=\"elementor-button-wrapper\">\n\t\t\t\t\t<a class=\"elementor-button elementor-button-link elementor-size-sm\" href=\"https:\/\/forms.monday.com\/forms\/e8d1412886121f3cfd3ff20528dbf748?r=euc1\">\n\t\t\t\t\t\t<span class=\"elementor-button-content-wrapper\">\n\t\t\t\t\t\t\t\t\t<span class=\"elementor-button-text\">DEMANDER UN DEVIS<\/span>\n\t\t\t\t\t<\/span>\n\t\t\t\t\t<\/a>\n\t\t\t\t<\/div>\n\t\t\t\t\t\t\t\t<\/div>\n\t\t\t\t<\/div>\n\t\t\t\t\t<\/div>\n\t\t\t\t<\/div>\n\t\t\t\t<\/div>\n\t\t","protected":false},"excerpt":{"rendered":"<p>ADVERTISE I LP SIMU LP SIMU I LANCEMENT DE LA NOUVELLE R5 \u00c0 l\u2019occasion du lancement de la R5, LP Simu, sp\u00e9cialiste en location de simulateurs de comp\u00e9tition haut de gamme, a con\u00e7u un simulateur de course unique d\u00e9di\u00e9 \u00e0 ce mod\u00e8le embl\u00e9matique. demander un devis Project overview LP Simu, entreprise sp\u00e9cialis\u00e9e dans la location [&hellip;]<\/p>\n","protected":false},"author":1,"featured_media":0,"parent":0,"menu_order":0,"comment_status":"closed","ping_status":"closed","template":"template-landing.php","meta":{"_acf_changed":false,"om_disable_all_campaigns":false,"_monsterinsights_skip_tracking":false,"_monsterinsights_sitenote_active":false,"_monsterinsights_sitenote_note":"","_monsterinsights_sitenote_category":0,"_uf_show_specific_survey":0,"_uf_disable_surveys":false,"footnotes":""},"class_list":["post-3852","page","type-page","status-publish","hentry"],"acf":[],"aioseo_notices":[],"_links":{"self":[{"href":"https:\/\/unseen-report.com\/index.php\/wp-json\/wp\/v2\/pages\/3852","targetHints":{"allow":["GET"]}}],"collection":[{"href":"https:\/\/unseen-report.com\/index.php\/wp-json\/wp\/v2\/pages"}],"about":[{"href":"https:\/\/unseen-report.com\/index.php\/wp-json\/wp\/v2\/types\/page"}],"author":[{"embeddable":true,"href":"https:\/\/unseen-report.com\/index.php\/wp-json\/wp\/v2\/users\/1"}],"replies":[{"embeddable":true,"href":"https:\/\/unseen-report.com\/index.php\/wp-json\/wp\/v2\/comments?post=3852"}],"version-history":[{"count":8,"href":"https:\/\/unseen-report.com\/index.php\/wp-json\/wp\/v2\/pages\/3852\/revisions"}],"predecessor-version":[{"id":3878,"href":"https:\/\/unseen-report.com\/index.php\/wp-json\/wp\/v2\/pages\/3852\/revisions\/3878"}],"wp:attachment":[{"href":"https:\/\/unseen-report.com\/index.php\/wp-json\/wp\/v2\/media?parent=3852"}],"curies":[{"name":"wp","href":"https:\/\/api.w.org\/{rel}","templated":true}]}}