{"id":3858,"date":"2024-11-06T21:24:00","date_gmt":"2024-11-06T20:24:00","guid":{"rendered":"https:\/\/unseen-report.com\/?page_id=3858"},"modified":"2024-11-06T21:37:33","modified_gmt":"2024-11-06T20:37:33","slug":"family3-0-aap-x-puma","status":"publish","type":"page","link":"https:\/\/unseen-report.com\/index.php\/family3-0-aap-x-puma\/","title":{"rendered":"Family3.0 &#8211; A$AP x Puma"},"content":{"rendered":"\t\t<div data-elementor-type=\"wp-page\" data-elementor-id=\"3858\" class=\"elementor elementor-3858\">\n\t\t\t\t\t\t<section class=\"elementor-section elementor-top-section elementor-element elementor-element-61664e6 elementor-section-full_width elementor-section-height-default elementor-section-height-default\" data-id=\"61664e6\" data-element_type=\"section\" data-e-type=\"section\">\n\t\t\t\t\t\t<div class=\"elementor-container elementor-column-gap-no\">\n\t\t\t\t\t<div class=\"elementor-column elementor-col-100 elementor-top-column elementor-element elementor-element-0309cf6\" data-id=\"0309cf6\" data-element_type=\"column\" data-e-type=\"column\">\n\t\t\t<div class=\"elementor-widget-wrap elementor-element-populated\">\n\t\t\t\t\t\t<div class=\"elementor-element elementor-element-c5fbd94 elementor-widget elementor-widget-yprm_banner\" data-id=\"c5fbd94\" data-element_type=\"widget\" data-e-type=\"widget\" data-widget_type=\"yprm_banner.default\">\n\t\t\t\t<div class=\"elementor-widget-container\">\n\t\t\t\t\t\t\t\t<div class=\"banner-wrapper banner-area banner-69d5d721a7e01\" style=\"--transition-speed: 2300ms;\" data-settings=\"{&quot;loop&quot;:true,&quot;speed&quot;:300,&quot;autoplay&quot;:{&quot;delay&quot;:5000,&quot;disableOnInteraction&quot;:false,&quot;pauseOnMouseEnter&quot;:true},&quot;arrows&quot;:true,&quot;dots&quot;:true,&quot;dots_position&quot;:&quot;left&quot;,&quot;animation&quot;:&quot;&quot;}\">\r\n\t\t\t\t\t\t\t\t\t\t\t\t\t\t\t\t\r\n\t\t\t\t<div class=\"banner banner-items banner-69d5d721a7e07 arrows-right-bottom pagination-left\" id=\"banner-69d5d721a7e08\">\r\n          <div class=\"swiper-container\">\r\n            <div class=\"swiper-wrapper\">\r\n                    <div class=\"item swiper-slide item-banner banner-item-69d5d721a7e34 elementor-repeater-item-9799635 tar with-shadow white\">\r\n        <div class=\"bg-image\" style=\"background-image: url(https:\/\/unseen-report.com\/wp-content\/uploads\/2024\/11\/FAMILY-PUMA-1.jpg)\"><\/div>\r\n                  \n    <div class=\"bg-overlay\">\n          <\/div>\n\n                            <div class=\"container\">\r\n          <div class=\"cell middle\">\r\n\t\t\t\t\t\t\t\t\t\t\t\t\t<div class=\"heading heading-decor\">\r\n\t\t\t\t\t\t\t\t\t\t\t\t\t\t\t\t\t<div class=\"sub-heading\">ADVERTISE I FAMILY3.0<\/div>\r\n\t\t\t\t\t\t\t\t\t\t\t\t\t\t\t\t<h3 class=\"h\">\r\n\t\t\t\t\t\t\t\t\tFAMILY3.0 I A$AP X PUMA\t\t\t\t\t\t\t\t<\/h3>\r\n\t\t\t\t\t\t\t<\/div>\r\n\t\t\t\t\t\t\t\t\t\t\t\t\t\t\t\t\t\t\t<div class=\"text\">D\u00e9couvrez la collaboration Puma x A$AP Rocky mise en sc\u00e8ne par Family3.0 dans un d\u00e9cor urbain brut. Entre style streetwear et courses de motocross, cette vid\u00e9o capture l\u2019\u00e9nergie et l\u2019audace de la collection exclusive.<\/div>\r\n\t\t\t\t\t    \t\t\t\t\t    \t\t\t\t\t\t    <a href=\"https:\/\/forms.monday.com\/forms\/e8d1412886121f3cfd3ff20528dbf748?r=euc1\" class=\"button-style1\">\r\n\t\t\t\t\t\t    \t\t\t\t\t\t\t\t    <span>demander un devis<\/span>\r\n\t\t\t\t\t\t\t<\/a>\r\n\t\t\t\t\t\t\t\t\t\t\t\t\t\t\t\t\t<\/div>\r\n\t\t\t\t<\/div>\r\n\t\t\t<\/div>\r\n\t\t            <\/div>\r\n          <\/div>\r\n          \r\n          <div class=\"owl-nav\"><div class=\"owl-prev basic-ui-icon-left-arrow\"><\/div><div class=\"owl-next basic-ui-icon-right-arrow\"><\/div><\/div>\r\n          <div class=\"owl-dots\"><\/div>          \r\n\t\t\t\t<\/div>\r\n\r\n\t\t\t<\/div>\r\n\t\t\t\t\t\t<\/div>\n\t\t\t\t<\/div>\n\t\t\t\t\t<\/div>\n\t\t<\/div>\n\t\t\t\t\t<\/div>\n\t\t<\/section>\n\t\t<div class=\"elementor-element elementor-element-697c848 e-flex e-con-boxed e-con e-parent\" data-id=\"697c848\" data-element_type=\"container\" data-e-type=\"container\">\n\t\t\t\t\t<div class=\"e-con-inner\">\n\t\t<div class=\"elementor-element elementor-element-5035ced e-con-full e-flex e-con e-child\" data-id=\"5035ced\" data-element_type=\"container\" data-e-type=\"container\">\n\t\t\t\t<div class=\"elementor-element elementor-element-53e3250 elementor-widget elementor-widget-yprm_heading\" data-id=\"53e3250\" data-element_type=\"widget\" data-e-type=\"widget\" data-widget_type=\"yprm_heading.default\">\n\t\t\t\t<div class=\"elementor-widget-container\">\n\t\t\t\t\t\t\t\t<div class=\"heading-block\">\n\t\t\t\t\t\t\t\t\t<div class=\"sub-h\">Project overview<\/div>\n\t\t\t\t        \t\t\t<\/div>\n              <div class=\"heading-content\">Pour c\u00e9l\u00e9brer le lancement du drop exclusif Puma x A$AP Rocky, la boutique Family3.0 a collabor\u00e9 avec notre \u00e9quipe pour r\u00e9aliser une vid\u00e9o immersive dans un d\u00e9cor urbain brut, o\u00f9 l'\u00e9nergie de la culture streetwear rencontre la puissance de la motocross. Ce projet vise \u00e0 mettre en valeur cette collection unique \u00e0 travers des sc\u00e8nes audacieuses, capturant l'essence de Puma et l'influence distinctive d'A$AP Rocky. Les pi\u00e8ces de la collection sont pr\u00e9sent\u00e9es dans un terrain urbain, avec des motos cross, symbolisant l\u2019attitude rebelle et la libert\u00e9 de mouvement.<\/div>\n      \t\t\t\t\t\t<\/div>\n\t\t\t\t<\/div>\n\t\t\t\t<\/div>\n\t\t<div class=\"elementor-element elementor-element-3b8c3a0 e-con-full e-flex e-con e-child\" data-id=\"3b8c3a0\" data-element_type=\"container\" data-e-type=\"container\">\n\t\t\t\t<div class=\"elementor-element elementor-element-6d4ea7a elementor-widget elementor-widget-yprm_heading\" data-id=\"6d4ea7a\" data-element_type=\"widget\" data-e-type=\"widget\" data-widget_type=\"yprm_heading.default\">\n\t\t\t\t<div class=\"elementor-widget-container\">\n\t\t\t\t\t\t\t\t<div class=\"heading-block\">\n\t\t\t\t\t\t\t\t\t<div class=\"sub-h\">Results<\/div>\n\t\t\t\t        \t\t\t<\/div>\n              <div class=\"heading-content\">Le r\u00e9sultat final est une vid\u00e9o percutante qui incarne l'esprit du drop Puma x A$AP Rocky et l'univers de Family3.0. Les images, combinant le style urbain et l'adr\u00e9naline des courses de motocross, mettent en valeur la collection de mani\u00e8re dynamique et captivante. Chaque sc\u00e8ne exalte l\u2019authenticit\u00e9 et l\u2019\u00e9nergie du streetwear, positionnant Family3.0 comme un acteur cl\u00e9 pour les adeptes de collaborations exclusives. Cette vid\u00e9o engageante a suscit\u00e9 un fort engouement autour de la collection, renfor\u00e7ant l\u2019identit\u00e9 et l\u2019impact de la marque aupr\u00e8s de son public.<\/div>\n      \t\t\t\t\t\t<\/div>\n\t\t\t\t<\/div>\n\t\t\t\t<\/div>\n\t\t\t\t\t<\/div>\n\t\t\t\t<\/div>\n\t\t<div class=\"elementor-element elementor-element-dd97aa0 e-flex e-con-boxed e-con e-parent\" data-id=\"dd97aa0\" data-element_type=\"container\" data-e-type=\"container\">\n\t\t\t\t\t<div class=\"e-con-inner\">\n\t\t\t\t<div class=\"elementor-element elementor-element-ab03668 elementor-widget elementor-widget-yprm_video\" data-id=\"ab03668\" data-element_type=\"widget\" data-e-type=\"widget\" data-widget_type=\"yprm_video.default\">\n\t\t\t\t<div class=\"elementor-widget-container\">\n\t\t\t\t\t\t\t<div class=\"video-block popup-gallery\">\r\n\t\t\t<div class=\"popup-item\" style=\"background-image: url(https:\/\/unseen-report.com\/wp-content\/uploads\/2024\/11\/FAMILY-PUMA-1-1024x356.jpg);\">\r\n\t\t\t\t<div class=\"area\">\r\n\t\t\t\t\t<div class=\"content\">\r\n\t\t\t\t\t\t\t\t\t\t\t\t\t\t\t\t\t<\/div>\r\n\t\t\t\t\t<a href=\"#\" data-type=\"video\" data-popup-json=\"{&quot;video&quot;:{&quot;html&quot;:&quot;&lt;iframe class=\\&quot;pswp__video\\&quot; width=\\&quot;1920\\&quot; height=\\&quot;1080\\&quot; src=\\&quot;https:\\\/\\\/youtube.com\\\/embed\\\/loyIUKHDXrM?rel=0&#038;showinfo=0&#038;enablejsapi=1\\&quot; frameborder=\\&quot;0\\&quot; allowfullscreen=\\&quot;\\&quot;&gt;&lt;\\\/iframe&gt;&quot;,&quot;w&quot;:1920,&quot;h&quot;:1080}}\" data-id=\"0\">\r\n\t\t\t\t\t\t<div><i class=\"music-and-multimedia-play-button\"><\/i><\/div>\r\n\t\t\t\t\t<\/a>\r\n\t\t\t\t<\/div>\r\n\t\t\t<\/div>\r\n\t\t<\/div>\r\n\t\t\t\t\t\t<\/div>\n\t\t\t\t<\/div>\n\t\t\t\t\t<\/div>\n\t\t\t\t<\/div>\n\t\t<div class=\"elementor-element elementor-element-47bc7c5 e-flex e-con-boxed e-con e-parent\" data-id=\"47bc7c5\" data-element_type=\"container\" data-e-type=\"container\">\n\t\t\t\t\t<div class=\"e-con-inner\">\n\t\t\t\t<div class=\"elementor-element elementor-element-ff0fe4b elementor-align-center elementor-widget elementor-widget-button\" data-id=\"ff0fe4b\" data-element_type=\"widget\" data-e-type=\"widget\" data-widget_type=\"button.default\">\n\t\t\t\t<div class=\"elementor-widget-container\">\n\t\t\t\t\t\t\t\t\t<div class=\"elementor-button-wrapper\">\n\t\t\t\t\t<a class=\"elementor-button elementor-button-link elementor-size-sm\" href=\"https:\/\/forms.monday.com\/forms\/e8d1412886121f3cfd3ff20528dbf748?r=euc1\">\n\t\t\t\t\t\t<span class=\"elementor-button-content-wrapper\">\n\t\t\t\t\t\t\t\t\t<span class=\"elementor-button-text\">DEMANDER UN DEVIS<\/span>\n\t\t\t\t\t<\/span>\n\t\t\t\t\t<\/a>\n\t\t\t\t<\/div>\n\t\t\t\t\t\t\t\t<\/div>\n\t\t\t\t<\/div>\n\t\t\t\t\t<\/div>\n\t\t\t\t<\/div>\n\t\t\t\t<\/div>\n\t\t","protected":false},"excerpt":{"rendered":"<p>ADVERTISE I FAMILY3.0 FAMILY3.0 I A$AP X PUMA D\u00e9couvrez la collaboration Puma x A$AP Rocky mise en sc\u00e8ne par Family3.0 dans un d\u00e9cor urbain brut. Entre style streetwear et courses de motocross, cette vid\u00e9o capture l\u2019\u00e9nergie et l\u2019audace de la collection exclusive. demander un devis Project overview Pour c\u00e9l\u00e9brer le lancement du drop exclusif Puma [&hellip;]<\/p>\n","protected":false},"author":1,"featured_media":0,"parent":0,"menu_order":0,"comment_status":"closed","ping_status":"closed","template":"template-landing.php","meta":{"_acf_changed":false,"om_disable_all_campaigns":false,"_monsterinsights_skip_tracking":false,"_monsterinsights_sitenote_active":false,"_monsterinsights_sitenote_note":"","_monsterinsights_sitenote_category":0,"_uf_show_specific_survey":0,"_uf_disable_surveys":false,"footnotes":""},"class_list":["post-3858","page","type-page","status-publish","hentry"],"acf":[],"aioseo_notices":[],"_links":{"self":[{"href":"https:\/\/unseen-report.com\/index.php\/wp-json\/wp\/v2\/pages\/3858","targetHints":{"allow":["GET"]}}],"collection":[{"href":"https:\/\/unseen-report.com\/index.php\/wp-json\/wp\/v2\/pages"}],"about":[{"href":"https:\/\/unseen-report.com\/index.php\/wp-json\/wp\/v2\/types\/page"}],"author":[{"embeddable":true,"href":"https:\/\/unseen-report.com\/index.php\/wp-json\/wp\/v2\/users\/1"}],"replies":[{"embeddable":true,"href":"https:\/\/unseen-report.com\/index.php\/wp-json\/wp\/v2\/comments?post=3858"}],"version-history":[{"count":7,"href":"https:\/\/unseen-report.com\/index.php\/wp-json\/wp\/v2\/pages\/3858\/revisions"}],"predecessor-version":[{"id":3872,"href":"https:\/\/unseen-report.com\/index.php\/wp-json\/wp\/v2\/pages\/3858\/revisions\/3872"}],"wp:attachment":[{"href":"https:\/\/unseen-report.com\/index.php\/wp-json\/wp\/v2\/media?parent=3858"}],"curies":[{"name":"wp","href":"https:\/\/api.w.org\/{rel}","templated":true}]}}